{"id":9,"date":"2021-03-07T20:44:36","date_gmt":"2021-03-07T17:44:36","guid":{"rendered":"http:\/\/caysan.com.tr\/?page_id=9"},"modified":"2026-01-08T11:58:37","modified_gmt":"2026-01-08T08:58:37","slug":"misyon-ve-vizyon","status":"publish","type":"page","link":"https:\/\/caysan.com.tr\/index.php\/misyon-ve-vizyon\/","title":{"rendered":"Misyon &#038; Vizyon"},"content":{"rendered":"\n\n\n<div class=\"wp-block-columns is-layout-flex wp-container-core-columns-is-layout-9d6595d7 wp-block-columns-is-layout-flex\">\n<div class=\"wp-block-column is-layout-flow wp-block-column-is-layout-flow\" style=\"flex-basis:33.33%\">\n<figure style=\"text-align:center\" class=\"wp-block-image size-large is-style-default\"><img decoding=\"async\" src=\"http:\/\/caysan.com.tr\/wp-content\/uploads\/2021\/03\/m4.png\" alt=\"\" width=\"200\" class=\"wp-image-12\"><\/figure>\n<\/div>\n\n\n\n<div class=\"wp-block-column is-layout-flow wp-block-column-is-layout-flow\" style=\"flex-basis:66.66%\">\n<p style=\"color:#000000\">\u00c7aysan A.\u015e. y\u0131llar i\u00e7erisinde \u00c7aykur\u2019un di\u011fer ambalaj ihtiya\u00e7lar\u0131n\u0131 da kar\u015f\u0131layabilmek ve \u00f6zel sekt\u00f6re daha fazla ambalaj imal etmeyi hedeflemektedir. Ayn\u0131 zamanda b\u00f6lge istihdam\u0131na da daha \u00e7ok katk\u0131da bulunmay\u0131 ama\u00e7lamaktad\u0131r.<\/p>\n<p style=\"color:#FFF\">\u00dcr\u00fcn ve hizmet kalitemizi s\u00fcrekli geli\u015ftirerek m\u00fc\u015fteri talep ve beklentilerini en \u00fcst seviyede kar\u015f\u0131lamak, m\u00fc\u015fterilerimiz i\u00e7in de\u011fer yaratmak, beklentilerine kalite ve istikrarla kar\u015f\u0131l\u0131k vermek ilk \u00f6nceli\u011fimizdir.<\/p>\n<p style=\"color:#FFF\">\u00dcr\u00fcnlerimize sahip \u00e7\u0131kmak ve sat\u0131\u015f sonras\u0131nda da m\u00fc\u015fterilerimizin yan\u0131nda olmak ise g\u00f6revimizdir.<\/p>\n<p style=\"color:#FFF\">\u00dcr\u00fcn ve hizmetlerimizi en do\u011fru \u015fekilde sunmak, m\u00fc\u015fteri odakl\u0131 \u00e7al\u0131\u015farak, pazar\u0131n talep ve beklentilerini tespit etmek, yeni yol haritalar\u0131 ve pazarlama stratejileri geli\u015ftirecek hareket yetene\u011fine sahip ve dinamik olmak, sayg\u0131n, istikrarl\u0131, g\u00fc\u00e7l\u00fc, d\u00fcr\u00fcst ve g\u00fcvenilir bir kurum olmak.<\/p>\n<p style=\"color:#FFF\">Sonuca odaklanarak, \u00fcr\u00fcn ve hizmette kaliteden asla \u00f6d\u00fcn vermemek.<\/p>\n<\/div>\n<\/div>\n","protected":false},"excerpt":{"rendered":"<p>\u00c7aysan A.\u015e. y\u0131llar i\u00e7erisinde \u00c7aykur\u2019un di\u011fer ambalaj ihtiya\u00e7lar\u0131n\u0131 da kar\u015f\u0131layabilmek ve \u00f6zel sekt\u00f6re daha fazla ambalaj imal etmeyi hedeflemektedir. Ayn\u0131 zamanda b\u00f6lge istihdam\u0131na da daha \u00e7ok katk\u0131da bulunmay\u0131 ama\u00e7lamaktad\u0131r. \u00dcr\u00fcn ve hizmet kalitemizi s\u00fcrekli geli\u015ftirerek m\u00fc\u015fteri talep ve beklentilerini en \u00fcst seviyede kar\u015f\u0131lamak, m\u00fc\u015fterilerimiz i\u00e7in de\u011fer yaratmak, beklentilerine kalite ve istikrarla kar\u015f\u0131l\u0131k vermek ilk \u00f6nceli\u011fimizdir.&hellip; <br \/> <a class=\"read-more\" href=\"https:\/\/caysan.com.tr\/index.php\/misyon-ve-vizyon\/\">Devam\u0131<\/a><\/p>\n","protected":false},"author":1,"featured_media":0,"parent":0,"menu_order":0,"comment_status":"closed","ping_status":"closed","template":"","meta":{"footnotes":""},"class_list":["post-9","page","type-page","status-publish","hentry"],"_links":{"self":[{"href":"https:\/\/caysan.com.tr\/index.php\/wp-json\/wp\/v2\/pages\/9","targetHints":{"allow":["GET"]}}],"collection":[{"href":"https:\/\/caysan.com.tr\/index.php\/wp-json\/wp\/v2\/pages"}],"about":[{"href":"https:\/\/caysan.com.tr\/index.php\/wp-json\/wp\/v2\/types\/page"}],"author":[{"embeddable":true,"href":"https:\/\/caysan.com.tr\/index.php\/wp-json\/wp\/v2\/users\/1"}],"replies":[{"embeddable":true,"href":"https:\/\/caysan.com.tr\/index.php\/wp-json\/wp\/v2\/comments?post=9"}],"version-history":[{"count":22,"href":"https:\/\/caysan.com.tr\/index.php\/wp-json\/wp\/v2\/pages\/9\/revisions"}],"predecessor-version":[{"id":1045,"href":"https:\/\/caysan.com.tr\/index.php\/wp-json\/wp\/v2\/pages\/9\/revisions\/1045"}],"wp:attachment":[{"href":"https:\/\/caysan.com.tr\/index.php\/wp-json\/wp\/v2\/media?parent=9"}],"curies":[{"name":"wp","href":"https:\/\/api.w.org\/{rel}","templated":true}]}}