{"id":766,"date":"2021-04-02T22:03:42","date_gmt":"2021-04-02T19:03:42","guid":{"rendered":"http:\/\/caysan.com.tr\/?page_id=766"},"modified":"2026-01-08T12:00:21","modified_gmt":"2026-01-08T09:00:21","slug":"malzeme-satisi","status":"publish","type":"page","link":"https:\/\/caysan.com.tr\/index.php\/malzeme-satisi\/","title":{"rendered":"Malzeme Sat\u0131\u015f\u0131"},"content":{"rendered":"\n<p>info@caysan.com.tr<\/p>\n","protected":false},"excerpt":{"rendered":"<p>info@caysan.com.tr<\/p>\n","protected":false},"author":1,"featured_media":0,"parent":0,"menu_order":0,"comment_status":"closed","ping_status":"closed","template":"","meta":{"footnotes":""},"class_list":["post-766","page","type-page","status-publish","hentry"],"_links":{"self":[{"href":"https:\/\/caysan.com.tr\/index.php\/wp-json\/wp\/v2\/pages\/766","targetHints":{"allow":["GET"]}}],"collection":[{"href":"https:\/\/caysan.com.tr\/index.php\/wp-json\/wp\/v2\/pages"}],"about":[{"href":"https:\/\/caysan.com.tr\/index.php\/wp-json\/wp\/v2\/types\/page"}],"author":[{"embeddable":true,"href":"https:\/\/caysan.com.tr\/index.php\/wp-json\/wp\/v2\/users\/1"}],"replies":[{"embeddable":true,"href":"https:\/\/caysan.com.tr\/index.php\/wp-json\/wp\/v2\/comments?post=766"}],"version-history":[{"count":2,"href":"https:\/\/caysan.com.tr\/index.php\/wp-json\/wp\/v2\/pages\/766\/revisions"}],"predecessor-version":[{"id":1047,"href":"https:\/\/caysan.com.tr\/index.php\/wp-json\/wp\/v2\/pages\/766\/revisions\/1047"}],"wp:attachment":[{"href":"https:\/\/caysan.com.tr\/index.php\/wp-json\/wp\/v2\/media?parent=766"}],"curies":[{"name":"wp","href":"https:\/\/api.w.org\/{rel}","templated":true}]}}