{"id":499,"date":"2021-03-26T01:29:43","date_gmt":"2021-03-25T22:29:43","guid":{"rendered":"http:\/\/caysan.com.tr\/?page_id=499"},"modified":"2026-02-04T09:43:02","modified_gmt":"2026-02-04T06:43:02","slug":"idari-personel","status":"publish","type":"page","link":"https:\/\/caysan.com.tr\/index.php\/idari-personel\/","title":{"rendered":"\u0130dari Personel"},"content":{"rendered":"\n<figure class=\"wp-block-image size-large\" style=\"text-align:center; margin-top:20px\"><div style=\"background:#FFF; max-width:250px; min-width:300px; min-height:500px; padding:10px; text-align:center; display:inline-table;\"><img decoding=\"async\" width=\"180px\" src=\"http:\/\/caysan.com.tr\/wp-content\/uploads\/2021\/03\/gf.png\" alt=\"\" class=\"wp-image-545\"><p style=\"font-family:Roboto,'Helvetica Neue',Arial,sans-serif; font-size:21px; font-weight:400; font-stretch:normal; font-style:normal; letter-spacing:normal; color:#082562; line-height:1.29; margin-top:32px; margin-bottom:0; text-align:center\">Mert K\u00d6SE<\/p>\n<p style=\"font-family:Roboto,'Helvetica Neue',Arial,sans-serif; font-size:18px; font-weight:500; font-stretch:normal; font-style:normal; letter-spacing:-.2px; color:#838398; line-height:1.29; margin-top:32px; margin-bottom:0.5rem; text-align:center\">\u015eirket M\u00fcd\u00fcr\u00fc<\/p><p>\u00dcretim ve Teknik \u0130\u015fler M\u00fcd\u00fcr\u00fc<\/p><p style=\"font-family:Roboto,'Helvetica Neue',Arial,sans-serif; font-size:18px; font-weight:500; font-stretch:normal; font-style:normal; letter-spacing:-.2px; color:#838398; line-height:1.29; margin-top:14px; margin-bottom:0.5rem; text-align:center\"><i class=\"fa fa-phone\" style=\"color: #539d44; padding-right:4px;\"><\/i>Dahili:103<\/p><p style=\"font-family:Roboto,'Helvetica Neue',Arial,sans-serif; font-size:18px; font-weight:500; font-stretch:normal; font-style:normal; letter-spacing:-.2px; color:#838398; line-height:1.29; margin-top:14px; margin-bottom:0.5rem; text-align:center\"><i class=\"fa fa-envelope\" style=\"color: #539d44; padding-right:4px;\"><\/i>mert@caysan.com.tr <\/p><\/div><\/figure>\n\n\n\n<div class=\"wp-block-columns is-layout-flex wp-container-core-columns-is-layout-9d6595d7 wp-block-columns-is-layout-flex\">\n\n\n<div class=\"wp-block-column is-layout-flow wp-block-column-is-layout-flow\">\n<figure class=\"wp-block-image size-large\" style=\"text-align:center; margin-top:20px\"><div style=\"background:#FFF; max-width:250px; min-width:300px; min-height:500px; padding:10px; text-align:center; display:inline-table;\"><img decoding=\"async\" width=\"180px\" src=\"http:\/\/caysan.com.tr\/wp-content\/uploads\/2021\/04\/ali_kavalci.png\" alt=\"\" class=\"wp-image-712\" srcset=\"https:\/\/caysan.com.tr\/wp-content\/uploads\/2021\/04\/ali_kavalci.png 351w, https:\/\/caysan.com.tr\/wp-content\/uploads\/2021\/04\/ali_kavalci-258x300.png 258w\" sizes=\"(max-width: 351px) 100vw, 351px\" \/><p style=\"font-family:Roboto,'Helvetica Neue',Arial,sans-serif; font-size:21px; font-weight:400; font-stretch:normal; font-style:normal; letter-spacing:normal; color:#082562; line-height:1.29; margin-top:32px; margin-bottom:0; text-align:center\">Ali KAVALCI<\/p>\n<p style=\"font-family:Roboto,'Helvetica Neue',Arial,sans-serif; font-size:18px; font-weight:500; font-stretch:normal; font-style:normal; letter-spacing:-.2px; color:#838398; line-height:1.29; margin-top:32px; margin-bottom:0.5rem; text-align:center\">Kalite Kontrol M\u00fcd\u00fcr\u00fc<\/p><p style=\"font-family:Roboto,'Helvetica Neue',Arial,sans-serif; font-size:18px; font-weight:500; font-stretch:normal; font-style:normal; letter-spacing:-.2px; color:#838398; line-height:1.29; margin-top:14px; margin-bottom:0.5rem; text-align:center\"><i class=\"fa fa-phone\" style=\"color: #539d44; padding-right:4px;\"><\/i>Dahili: 104<\/p><p style=\"font-family:Roboto,'Helvetica Neue',Arial,sans-serif; font-size:16px; font-weight:500; font-stretch:normal; font-style:normal; letter-spacing:-.2px; color:#838398; line-height:1.29; margin-top:14px; margin-bottom:0.5rem; text-align:center\"><i class=\"fa fa-envelope\" style=\"color: #539d44; padding-right:4px;\"><\/i>akavalci@caysan.com.tr<\/p><\/div><\/figure>\n<\/div>\n\n\n\n<div class=\"wp-block-column is-layout-flow wp-block-column-is-layout-flow\">\n<figure class=\"wp-block-image size-large\" style=\"text-align:center; margin-top:20px\"><div style=\"background:#FFF; max-width:250px; min-width:300px; min-height:500px; padding:10px; text-align:center; display:inline-table;\"><img decoding=\"async\" width=\"180px\" src=\"http:\/\/caysan.com.tr\/wp-content\/uploads\/2021\/04\/nihat_yilmaz.png\" alt=\"\" class=\"wp-image-713\" srcset=\"https:\/\/caysan.com.tr\/wp-content\/uploads\/2021\/04\/nihat_yilmaz.png 351w, https:\/\/caysan.com.tr\/wp-content\/uploads\/2021\/04\/nihat_yilmaz-258x300.png 258w\" sizes=\"(max-width: 351px) 100vw, 351px\" \/><p style=\"font-family:Roboto,'Helvetica Neue',Arial,sans-serif; font-size:21px; font-weight:400; font-stretch:normal; font-style:normal; letter-spacing:normal; color:#082562; line-height:1.29; margin-top:32px; margin-bottom:0; text-align:center\">Nihat YILMAZ<\/p>\n<p style=\"font-family:Roboto,'Helvetica Neue',Arial,sans-serif; font-size:18px; font-weight:500; font-stretch:normal; font-style:normal; letter-spacing:-.2px; color:#838398; line-height:1.29; margin-top:32px; margin-bottom:0.5rem; text-align:center\">Muhasebe ve Finans\nM\u00fcd\u00fcr\u00fc<\/p><p style=\"font-family:Roboto,'Helvetica Neue',Arial,sans-serif; font-size:18px; font-weight:500; font-stretch:normal; font-style:normal; letter-spacing:-.2px; color:#838398; line-height:1.29; margin-top:14px; margin-bottom:0.5rem; text-align:center\"><i class=\"fa fa-phone\" style=\"color: #539d44; padding-right:4px;\"><\/i>Dahili: 135<\/p><p style=\"font-family:Roboto,'Helvetica Neue',Arial,sans-serif; font-size:16px; font-weight:500; font-stretch:normal; font-style:normal; letter-spacing:-.2px; color:#838398; line-height:1.29; margin-top:14px; margin-bottom:0.5rem; text-align:center\"><i class=\"fa fa-envelope\" style=\"color: #539d44; padding-right:4px;\"><\/i>nyilmaz@caysan.com.tr<\/p><\/div><\/figure>\n<\/div>\n<\/div>\n\n\n\n<div class=\"wp-block-columns is-layout-flex wp-container-core-columns-is-layout-9d6595d7 wp-block-columns-is-layout-flex\">\n<div class=\"wp-block-column is-layout-flow wp-block-column-is-layout-flow\">\n<figure class=\"wp-block-image size-large\" style=\"text-align:center; margin-top:20px\"><div style=\"background:#FFF; max-width:250px; min-width:300px; min-height:500px; padding:10px; text-align:center; display:inline-table;\"><img decoding=\"async\" width=\"180px\" src=\"http:\/\/caysan.com.tr\/wp-content\/uploads\/2021\/03\/gf.png\" alt=\"\" class=\"wp-image-258\" srcset=\"https:\/\/caysan.com.tr\/wp-content\/uploads\/2021\/03\/gf.png 2232w, https:\/\/caysan.com.tr\/wp-content\/uploads\/2021\/03\/gf-300x290.png 300w, https:\/\/caysan.com.tr\/wp-content\/uploads\/2021\/03\/gf-1024x988.png 1024w, https:\/\/caysan.com.tr\/wp-content\/uploads\/2021\/03\/gf-768x741.png 768w, https:\/\/caysan.com.tr\/wp-content\/uploads\/2021\/03\/gf-1536x1482.png 1536w, https:\/\/caysan.com.tr\/wp-content\/uploads\/2021\/03\/gf-2048x1976.png 2048w, https:\/\/caysan.com.tr\/wp-content\/uploads\/2021\/03\/gf-1119x1080.png 1119w\" sizes=\"(max-width: 2232px) 100vw, 2232px\" \/><p style=\"font-family:Roboto,'Helvetica Neue',Arial,sans-serif; font-size:21px; font-weight:400; font-stretch:normal; font-style:normal; letter-spacing:normal; color:#082562; line-height:1.29; margin-top:32px; margin-bottom:0; text-align:center\">Mahmut DEMET<\/p>\n<p style=\"font-family:Roboto,'Helvetica Neue',Arial,sans-serif; font-size:18px; font-weight:500; font-stretch:normal; font-style:normal; letter-spacing:-.2px; color:#838398; line-height:1.29; margin-top:32px; margin-bottom:0.5rem; text-align:center\">Destek Hizmetleri M\u00fcd\u00fcr\u00fc<\/p><p style=\"font-family:Roboto,'Helvetica Neue',Arial,sans-serif; font-size:18px; font-weight:500; font-stretch:normal; font-style:normal; letter-spacing:-.2px; color:#838398; line-height:1.29; margin-top:14px; margin-bottom:0.5rem; text-align:center\"><\/p><p style=\"font-family:Roboto,'Helvetica Neue',Arial,sans-serif; font-size:16px; font-weight:500; font-stretch:normal; font-style:normal; letter-spacing:-.2px; color:#838398; line-height:1.29; margin-top:14px; margin-bottom:0.5rem; text-align:center\"><i class=\"fa fa-envelope\" style=\"color: #539d44; padding-right:4px;\"><\/i>mdemet@caysan.com.tr<\/p><\/div><\/figure>\n<\/div>\n\n\n\n<div class=\"wp-block-column is-layout-flow wp-block-column-is-layout-flow\">\n<figure class=\"wp-block-image size-large\" style=\"text-align:center; margin-top:20px\"><div style=\"background:#FFF; max-width:250px; min-width:300px; min-height:500px; padding:10px; text-align:center; display:inline-table;\"><img decoding=\"async\" width=\"180px\" src=\"http:\/\/caysan.com.tr\/wp-content\/uploads\/2021\/03\/gf.png\" alt=\"\" class=\"wp-image-258\" srcset=\"https:\/\/caysan.com.tr\/wp-content\/uploads\/2021\/03\/gf.png 2232w, https:\/\/caysan.com.tr\/wp-content\/uploads\/2021\/03\/gf-300x290.png 300w, https:\/\/caysan.com.tr\/wp-content\/uploads\/2021\/03\/gf-1024x988.png 1024w, https:\/\/caysan.com.tr\/wp-content\/uploads\/2021\/03\/gf-768x741.png 768w, https:\/\/caysan.com.tr\/wp-content\/uploads\/2021\/03\/gf-1536x1482.png 1536w, https:\/\/caysan.com.tr\/wp-content\/uploads\/2021\/03\/gf-2048x1976.png 2048w, https:\/\/caysan.com.tr\/wp-content\/uploads\/2021\/03\/gf-1119x1080.png 1119w\" sizes=\"(max-width: 2232px) 100vw, 2232px\" \/><p style=\"font-family:Roboto,'Helvetica Neue',Arial,sans-serif; font-size:21px; font-weight:400; font-stretch:normal; font-style:normal; letter-spacing:normal; color:#082562; line-height:1.29; margin-top:32px; margin-bottom:0; text-align:center\">\u0130brahim G\u00dcN<\/p>\n<p style=\"font-family:Roboto,'Helvetica Neue',Arial,sans-serif; font-size:18px; font-weight:500; font-stretch:normal; font-style:normal; letter-spacing:-.2px; color:#838398; line-height:1.29; margin-top:32px; margin-bottom:0.5rem; text-align:center\">\u0130nsan Kaynaklar\u0131 M\u00fcd\u00fcr\u00fc<\/p><p style=\"font-family:Roboto,'Helvetica Neue',Arial,sans-serif; font-size:18px; font-weight:500; font-stretch:normal; font-style:normal; letter-spacing:-.2px; color:#838398; line-height:1.29; margin-top:14px; margin-bottom:0.5rem; text-align:center\"><i class=\"fa fa-phone\" style=\"color: #539d44; padding-right:4px;\"><\/i>Dahili: 105<\/p><p style=\"font-family:Roboto,'Helvetica Neue',Arial,sans-serif; font-size:16px; font-weight:500; font-stretch:normal; font-style:normal; letter-spacing:-.2px; color:#838398; line-height:1.29; margin-top:14px; margin-bottom:0.5rem; text-align:center\"><i class=\"fa fa-envelope\" style=\"color: #539d44; padding-right:4px;\"><\/i>igun@caysan.com.tr<\/p><\/div><\/figure>\n<\/div>\n<\/div>\n\n\n\n<p><\/p>\n","protected":false},"excerpt":{"rendered":"<p>Mert K\u00d6SE \u015eirket M\u00fcd\u00fcr\u00fc \u00dcretim ve Teknik \u0130\u015fler M\u00fcd\u00fcr\u00fc Dahili:103 mert@caysan.com.tr Mert K\u00d6SE \u00dcretim ve Teknik \u0130\u015fler M\u00fcd\u00fcr\u00fc Dahili: 103 mert@caysan.com.tr Ali KAVALCI Kalite Kontrol M\u00fcd\u00fcr\u00fc Dahili: 104 akavalci@caysan.com.tr Nihat YILMAZ Muhasebe ve Finans M\u00fcd\u00fcr\u00fc Dahili: 135 nyilmaz@caysan.com.tr Mahmut DEMET Destek Hizmetleri M\u00fcd\u00fcr\u00fc mdemet@caysan.com.tr \u0130brahim G\u00dcN \u0130nsan Kaynaklar\u0131 M\u00fcd\u00fcr\u00fc Dahili: 105 igun@caysan.com.tr<\/p>\n","protected":false},"author":1,"featured_media":0,"parent":0,"menu_order":0,"comment_status":"closed","ping_status":"closed","template":"","meta":{"footnotes":""},"class_list":["post-499","page","type-page","status-publish","hentry"],"_links":{"self":[{"href":"https:\/\/caysan.com.tr\/index.php\/wp-json\/wp\/v2\/pages\/499","targetHints":{"allow":["GET"]}}],"collection":[{"href":"https:\/\/caysan.com.tr\/index.php\/wp-json\/wp\/v2\/pages"}],"about":[{"href":"https:\/\/caysan.com.tr\/index.php\/wp-json\/wp\/v2\/types\/page"}],"author":[{"embeddable":true,"href":"https:\/\/caysan.com.tr\/index.php\/wp-json\/wp\/v2\/users\/1"}],"replies":[{"embeddable":true,"href":"https:\/\/caysan.com.tr\/index.php\/wp-json\/wp\/v2\/comments?post=499"}],"version-history":[{"count":41,"href":"https:\/\/caysan.com.tr\/index.php\/wp-json\/wp\/v2\/pages\/499\/revisions"}],"predecessor-version":[{"id":1129,"href":"https:\/\/caysan.com.tr\/index.php\/wp-json\/wp\/v2\/pages\/499\/revisions\/1129"}],"wp:attachment":[{"href":"https:\/\/caysan.com.tr\/index.php\/wp-json\/wp\/v2\/media?parent=499"}],"curies":[{"name":"wp","href":"https:\/\/api.w.org\/{rel}","templated":true}]}}