{"id":35,"date":"2021-03-07T23:51:31","date_gmt":"2021-03-07T20:51:31","guid":{"rendered":"http:\/\/caysan.com.tr\/?page_id=35"},"modified":"2025-12-06T17:33:11","modified_gmt":"2025-12-06T14:33:11","slug":"yonetim-kurulu","status":"publish","type":"page","link":"https:\/\/caysan.com.tr\/index.php\/yonetim-kurulu\/","title":{"rendered":"Y\u00f6netim Kurulu"},"content":{"rendered":"\n<figure class=\"wp-block-image size-large\" style=\"text-align:center; margin-top:20px\"><div style=\"background:#FFF; max-width:250px; min-width:250px; min-height:380px; padding:10px; text-align:center; display:inline-table;\"><img decoding=\"async\" width=\"180px\" src=\"http:\/\/caysan.com.tr\/wp-content\/uploads\/2021\/03\/gf.png\" alt=\"\" class=\"wp-image-258\" srcset=\"https:\/\/caysan.com.tr\/wp-content\/uploads\/2021\/03\/gf.png 2232w, https:\/\/caysan.com.tr\/wp-content\/uploads\/2021\/03\/gf-300x290.png 300w, https:\/\/caysan.com.tr\/wp-content\/uploads\/2021\/03\/gf-1024x988.png 1024w, https:\/\/caysan.com.tr\/wp-content\/uploads\/2021\/03\/gf-768x741.png 768w, https:\/\/caysan.com.tr\/wp-content\/uploads\/2021\/03\/gf-1536x1482.png 1536w, https:\/\/caysan.com.tr\/wp-content\/uploads\/2021\/03\/gf-2048x1976.png 2048w, https:\/\/caysan.com.tr\/wp-content\/uploads\/2021\/03\/gf-1119x1080.png 1119w\" sizes=\"(max-width: 2232px) 100vw, 2232px\" \/><p style=\"font-family:Roboto,'Helvetica Neue',Arial,sans-serif; font-size:21px; font-weight:400; font-stretch:normal; font-style:normal; letter-spacing:normal; color:#082562; line-height:1.29; margin-top:32px; margin-bottom:0; text-align:center\">Dilaver DEM\u0130R<\/p>\n<p style=\"font-family:Roboto,'Helvetica Neue',Arial,sans-serif; font-size:18px; font-weight:500; font-stretch:normal; font-style:normal; letter-spacing:-.2px; color:#838398; line-height:1.29; margin-top:32px; margin-bottom:0.5rem; text-align:center\">Y\u00f6netim Kurulu Ba\u015fkan\u0131<\/p><\/div><\/figure>\n\n\n\n<div class=\"wp-block-columns is-layout-flex wp-container-core-columns-is-layout-9d6595d7 wp-block-columns-is-layout-flex\">\n<div class=\"wp-block-column is-layout-flow wp-block-column-is-layout-flow\" style=\"flex-basis:100%\">\n<div class=\"wp-block-columns is-layout-flex wp-container-core-columns-is-layout-9d6595d7 wp-block-columns-is-layout-flex\">\n<div class=\"wp-block-column is-layout-flow wp-block-column-is-layout-flow\">\n<figure class=\"wp-block-image size-large\" style=\"text-align:center; margin-top:20px\"><div style=\"background:#FFF; max-width:250px; min-width:250px; min-height:380px; padding:10px; text-align:center; display:inline-table;\"><img decoding=\"async\" width=\"180px\" src=\"http:\/\/caysan.com.tr\/wp-content\/uploads\/2021\/03\/gf.png\" alt=\"\" class=\"wp-image-258\" srcset=\"https:\/\/caysan.com.tr\/wp-content\/uploads\/2021\/03\/gf.png 2232w, https:\/\/caysan.com.tr\/wp-content\/uploads\/2021\/03\/gf-300x290.png 300w, https:\/\/caysan.com.tr\/wp-content\/uploads\/2021\/03\/gf-1024x988.png 1024w, https:\/\/caysan.com.tr\/wp-content\/uploads\/2021\/03\/gf-768x741.png 768w, https:\/\/caysan.com.tr\/wp-content\/uploads\/2021\/03\/gf-1536x1482.png 1536w, https:\/\/caysan.com.tr\/wp-content\/uploads\/2021\/03\/gf-2048x1976.png 2048w, https:\/\/caysan.com.tr\/wp-content\/uploads\/2021\/03\/gf-1119x1080.png 1119w\" sizes=\"(max-width: 2232px) 100vw, 2232px\" \/><p style=\"font-family:Roboto,'Helvetica Neue',Arial,sans-serif; font-size:21px; font-weight:400; font-stretch:normal; font-style:normal; letter-spacing:normal; color:#082562; line-height:1.29; margin-top:32px; margin-bottom:0; text-align:center\">Ahmet Ali G\u00dcM\u00dc\u015eTA\u015e<\/p>\n<p style=\"font-family:Roboto,'Helvetica Neue',Arial,sans-serif; font-size:18px; font-weight:500; font-stretch:normal; font-style:normal; letter-spacing:-.2px; color:#838398; line-height:1.29; margin-top:32px; margin-bottom:0.5rem; text-align:center\">Y\u00f6netim Kurulu Ba\u015fkan Yard\u0131mc\u0131s\u0131<\/p><\/div><\/figure>\n<\/div>\n\n\n\n<div class=\"wp-block-column is-layout-flow wp-block-column-is-layout-flow\">\n<figure class=\"wp-block-image size-large\" style=\"text-align:center; margin-top:20px\"><div style=\"background:#FFF; max-width:250px; min-width:250px; min-height:380px; padding:10px; text-align:center; display:inline-table;\"><img decoding=\"async\" width=\"180px\" src=\"http:\/\/caysan.com.tr\/wp-content\/uploads\/2021\/03\/gf.png\" alt=\"\" class=\"wp-image-258\" srcset=\"https:\/\/caysan.com.tr\/wp-content\/uploads\/2021\/03\/gf.png 2232w, https:\/\/caysan.com.tr\/wp-content\/uploads\/2021\/03\/gf-300x290.png 300w, https:\/\/caysan.com.tr\/wp-content\/uploads\/2021\/03\/gf-1024x988.png 1024w, https:\/\/caysan.com.tr\/wp-content\/uploads\/2021\/03\/gf-768x741.png 768w, https:\/\/caysan.com.tr\/wp-content\/uploads\/2021\/03\/gf-1536x1482.png 1536w, https:\/\/caysan.com.tr\/wp-content\/uploads\/2021\/03\/gf-2048x1976.png 2048w, https:\/\/caysan.com.tr\/wp-content\/uploads\/2021\/03\/gf-1119x1080.png 1119w\" sizes=\"(max-width: 2232px) 100vw, 2232px\" \/><p style=\"font-family:Roboto,'Helvetica Neue',Arial,sans-serif; font-size:21px; font-weight:400; font-stretch:normal; font-style:normal; letter-spacing:normal; color:#082562; line-height:1.29; margin-top:32px; margin-bottom:0; text-align:center\">Mesut AKKAYA<\/p>\n<p style=\"font-family:Roboto,'Helvetica Neue',Arial,sans-serif; font-size:18px; font-weight:500; font-stretch:normal; font-style:normal; letter-spacing:-.2px; color:#838398; line-height:1.29; margin-top:32px; margin-bottom:0.5rem; text-align:center\">Y\u00f6netim Kurulu Ba\u015fkan Vekili<\/p><\/div><\/figure>\n<\/div>\n<\/div>\n<\/div>\n<\/div>\n\n\n\n<div class=\"wp-block-columns is-layout-flex wp-container-core-columns-is-layout-9d6595d7 wp-block-columns-is-layout-flex\">\n<div class=\"wp-block-column is-layout-flow wp-block-column-is-layout-flow\">\n<figure class=\"wp-block-image size-large\" style=\"text-align:center; margin-top:20px\"><div style=\"background:#FFF; max-width:250px; min-width:250px; min-height:380px; padding:10px; text-align:center; display:inline-table;\"><img decoding=\"async\" width=\"180px\" src=\"http:\/\/caysan.com.tr\/wp-content\/uploads\/2021\/03\/gf.png\" alt=\"\" class=\"wp-image-258\" srcset=\"https:\/\/caysan.com.tr\/wp-content\/uploads\/2021\/03\/gf.png 2232w, https:\/\/caysan.com.tr\/wp-content\/uploads\/2021\/03\/gf-300x290.png 300w, https:\/\/caysan.com.tr\/wp-content\/uploads\/2021\/03\/gf-1024x988.png 1024w, https:\/\/caysan.com.tr\/wp-content\/uploads\/2021\/03\/gf-768x741.png 768w, https:\/\/caysan.com.tr\/wp-content\/uploads\/2021\/03\/gf-1536x1482.png 1536w, https:\/\/caysan.com.tr\/wp-content\/uploads\/2021\/03\/gf-2048x1976.png 2048w, https:\/\/caysan.com.tr\/wp-content\/uploads\/2021\/03\/gf-1119x1080.png 1119w\" sizes=\"(max-width: 2232px) 100vw, 2232px\" \/><p style=\"font-family:Roboto,'Helvetica Neue',Arial,sans-serif; font-size:21px; font-weight:400; font-stretch:normal; font-style:normal; letter-spacing:normal; color:#082562; line-height:1.29; margin-top:32px; margin-bottom:0; text-align:center\">Rahmi \u015eENKAYA<\/p>\n<p style=\"font-family:Roboto,'Helvetica Neue',Arial,sans-serif; font-size:18px; font-weight:500; font-stretch:normal; font-style:normal; letter-spacing:-.2px; color:#838398; line-height:1.29; margin-top:32px; margin-bottom:0.5rem; text-align:center\">Y\u00f6netim Kurulu \u00dcyesi<\/p><\/div><\/figure>\n<\/div>\n\n\n\n<div class=\"wp-block-column is-layout-flow wp-block-column-is-layout-flow\">\n<figure class=\"wp-block-image size-large\" style=\"text-align:center; margin-top:20px\"><div style=\"background:#FFF; max-width:250px; min-width:250px; min-height:380px; padding:10px; text-align:center; display:inline-table;\"><img decoding=\"async\" width=\"180px\" src=\"http:\/\/caysan.com.tr\/wp-content\/uploads\/2021\/03\/gf.png\" alt=\"\" class=\"wp-image-258\" srcset=\"https:\/\/caysan.com.tr\/wp-content\/uploads\/2021\/03\/gf.png 2232w, https:\/\/caysan.com.tr\/wp-content\/uploads\/2021\/03\/gf-300x290.png 300w, https:\/\/caysan.com.tr\/wp-content\/uploads\/2021\/03\/gf-1024x988.png 1024w, https:\/\/caysan.com.tr\/wp-content\/uploads\/2021\/03\/gf-768x741.png 768w, https:\/\/caysan.com.tr\/wp-content\/uploads\/2021\/03\/gf-1536x1482.png 1536w, https:\/\/caysan.com.tr\/wp-content\/uploads\/2021\/03\/gf-2048x1976.png 2048w, https:\/\/caysan.com.tr\/wp-content\/uploads\/2021\/03\/gf-1119x1080.png 1119w\" sizes=\"(max-width: 2232px) 100vw, 2232px\" \/><p style=\"font-family:Roboto,'Helvetica Neue',Arial,sans-serif; font-size:21px; font-weight:400; font-stretch:normal; font-style:normal; letter-spacing:normal; color:#082562; line-height:1.29; margin-top:32px; margin-bottom:0; text-align:center\">Seymen SEYMENO\u011eLU<\/p>\n<p style=\"font-family:Roboto,'Helvetica Neue',Arial,sans-serif; font-size:18px; font-weight:500; font-stretch:normal; font-style:normal; letter-spacing:-.2px; color:#838398; line-height:1.29; margin-top:32px; margin-bottom:0.5rem; text-align:center\">Y\u00f6netim Kurulu \u00dcyesi<\/p><\/div><\/figure>\n<\/div>\n<\/div>\n\n\n\n<div class=\"wp-block-columns is-layout-flex wp-container-core-columns-is-layout-9d6595d7 wp-block-columns-is-layout-flex\">\n<div class=\"wp-block-column is-layout-flow wp-block-column-is-layout-flow\">\n<figure class=\"wp-block-image size-large\" style=\"text-align:center; margin-top:20px\"><div style=\"background:#FFF; max-width:250px; min-width:250px; min-height:380px; padding:10px; text-align:center; display:inline-table;\"><img decoding=\"async\" width=\"180px\" src=\"http:\/\/caysan.com.tr\/wp-content\/uploads\/2021\/03\/gf.png\" alt=\"\" class=\"wp-image-258\" srcset=\"https:\/\/caysan.com.tr\/wp-content\/uploads\/2021\/03\/gf.png 2232w, https:\/\/caysan.com.tr\/wp-content\/uploads\/2021\/03\/gf-300x290.png 300w, https:\/\/caysan.com.tr\/wp-content\/uploads\/2021\/03\/gf-1024x988.png 1024w, https:\/\/caysan.com.tr\/wp-content\/uploads\/2021\/03\/gf-768x741.png 768w, https:\/\/caysan.com.tr\/wp-content\/uploads\/2021\/03\/gf-1536x1482.png 1536w, https:\/\/caysan.com.tr\/wp-content\/uploads\/2021\/03\/gf-2048x1976.png 2048w, https:\/\/caysan.com.tr\/wp-content\/uploads\/2021\/03\/gf-1119x1080.png 1119w\" sizes=\"(max-width: 2232px) 100vw, 2232px\" \/><p style=\"font-family:Roboto,'Helvetica Neue',Arial,sans-serif; font-size:21px; font-weight:400; font-stretch:normal; font-style:normal; letter-spacing:normal; color:#082562; line-height:1.29; margin-top:32px; margin-bottom:0; text-align:center\">H\u00fcseyin KELE\u015e<\/p>\n<p style=\"font-family:Roboto,'Helvetica Neue',Arial,sans-serif; font-size:18px; font-weight:500; font-stretch:normal; font-style:normal; letter-spacing:-.2px; color:#838398; line-height:1.29; margin-top:32px; margin-bottom:0.5rem; text-align:center\">Y\u00f6netim Kurulu \u00dcyesi<\/p><\/div><\/figure>\n<\/div>\n\n\n\n<div class=\"wp-block-column is-layout-flow wp-block-column-is-layout-flow\">\n<figure class=\"wp-block-image size-large\" style=\"text-align:center; margin-top:20px\"><div style=\"background:#FFF; max-width:250px; min-width:250px; min-height:380px; padding:10px; text-align:center; display:inline-table;\"><img decoding=\"async\" width=\"180px\" src=\"http:\/\/caysan.com.tr\/wp-content\/uploads\/2021\/03\/gf.png\" alt=\"\" class=\"wp-image-258\" srcset=\"https:\/\/caysan.com.tr\/wp-content\/uploads\/2021\/03\/gf.png 2232w, https:\/\/caysan.com.tr\/wp-content\/uploads\/2021\/03\/gf-300x290.png 300w, https:\/\/caysan.com.tr\/wp-content\/uploads\/2021\/03\/gf-1024x988.png 1024w, https:\/\/caysan.com.tr\/wp-content\/uploads\/2021\/03\/gf-768x741.png 768w, https:\/\/caysan.com.tr\/wp-content\/uploads\/2021\/03\/gf-1536x1482.png 1536w, https:\/\/caysan.com.tr\/wp-content\/uploads\/2021\/03\/gf-2048x1976.png 2048w, https:\/\/caysan.com.tr\/wp-content\/uploads\/2021\/03\/gf-1119x1080.png 1119w\" sizes=\"(max-width: 2232px) 100vw, 2232px\" \/><p style=\"font-family:Roboto,'Helvetica Neue',Arial,sans-serif; font-size:21px; font-weight:400; font-stretch:normal; font-style:normal; letter-spacing:normal; color:#082562; line-height:1.29; margin-top:32px; margin-bottom:0; text-align:center\">Suat \u00d6ZYAMAN<\/p>\n<p style=\"font-family:Roboto,'Helvetica Neue',Arial,sans-serif; font-size:18px; font-weight:500; font-stretch:normal; font-style:normal; letter-spacing:-.2px; color:#838398; line-height:1.29; margin-top:32px; margin-bottom:0.5rem; text-align:center\">Y\u00f6netim Kurulu \u00dcyesi<\/p><\/div><\/figure>\n<\/div>\n<\/div>\n","protected":false},"excerpt":{"rendered":"<p>Dilaver DEM\u0130R Y\u00f6netim Kurulu Ba\u015fkan\u0131 Ahmet Ali G\u00dcM\u00dc\u015eTA\u015e Y\u00f6netim Kurulu Ba\u015fkan Yard\u0131mc\u0131s\u0131 Mesut AKKAYA Y\u00f6netim Kurulu Ba\u015fkan Vekili Rahmi \u015eENKAYA Y\u00f6netim Kurulu \u00dcyesi Seymen SEYMENO\u011eLU Y\u00f6netim Kurulu \u00dcyesi H\u00fcseyin KELE\u015e Y\u00f6netim Kurulu \u00dcyesi Suat \u00d6ZYAMAN Y\u00f6netim Kurulu \u00dcyesi<\/p>\n","protected":false},"author":1,"featured_media":0,"parent":0,"menu_order":0,"comment_status":"closed","ping_status":"closed","template":"","meta":{"footnotes":""},"class_list":["post-35","page","type-page","status-publish","hentry"],"_links":{"self":[{"href":"https:\/\/caysan.com.tr\/index.php\/wp-json\/wp\/v2\/pages\/35","targetHints":{"allow":["GET"]}}],"collection":[{"href":"https:\/\/caysan.com.tr\/index.php\/wp-json\/wp\/v2\/pages"}],"about":[{"href":"https:\/\/caysan.com.tr\/index.php\/wp-json\/wp\/v2\/types\/page"}],"author":[{"embeddable":true,"href":"https:\/\/caysan.com.tr\/index.php\/wp-json\/wp\/v2\/users\/1"}],"replies":[{"embeddable":true,"href":"https:\/\/caysan.com.tr\/index.php\/wp-json\/wp\/v2\/comments?post=35"}],"version-history":[{"count":52,"href":"https:\/\/caysan.com.tr\/index.php\/wp-json\/wp\/v2\/pages\/35\/revisions"}],"predecessor-version":[{"id":1010,"href":"https:\/\/caysan.com.tr\/index.php\/wp-json\/wp\/v2\/pages\/35\/revisions\/1010"}],"wp:attachment":[{"href":"https:\/\/caysan.com.tr\/index.php\/wp-json\/wp\/v2\/media?parent=35"}],"curies":[{"name":"wp","href":"https:\/\/api.w.org\/{rel}","templated":true}]}}