{"id":31,"date":"2021-03-07T23:51:01","date_gmt":"2021-03-07T20:51:01","guid":{"rendered":"http:\/\/caysan.com.tr\/?page_id=31"},"modified":"2021-03-16T23:36:40","modified_gmt":"2021-03-16T20:36:40","slug":"basinda-biz","status":"publish","type":"page","link":"https:\/\/caysan.com.tr\/index.php\/basinda-biz\/","title":{"rendered":"Bas\u0131nda Biz"},"content":{"rendered":"\n\n\n<div class=\"haber\"><a href=\"http:\/\/www.olay53.com\/haber\/caysanda-tiste-mutlu-son-684789.htm\" target=\"_blank\" rel=\"noopener\"><img decoding=\"async\" data-src=\"http:\/\/d.olay53.com\/news_t\/578362.jpg\" alt=\"\u00c7AYSAN\u2018da T\u0130S'te Mutlu Son\" src=\"http:\/\/d.olay53.com\/news_t\/578362.jpg\"><\/a><a target=\"_blank\" href=\"http:\/\/www.olay53.com\/haber\/caysanda-tiste-mutlu-son-684789.htm\" rel=\"noopener\"><p>\u00c7AYSAN\u2018da T\u0130S&#8217;te Mutlu Son<\/p><p>\u00c7AYSAN\u2019da 3. D\u00f6nem toplu i\u015f s\u00f6zle\u015fmesi imzaland\u0131.<\/p><span>19 Mart 2019 Sal\u0131 13:39<\/span><\/a><\/div>\n<div class=\"haber\"><a href=\"https:\/\/www.hurriyet.com.tr\/rizede-caysan-iscilerine-yuzde-20-zam-40361683\" target=\"_blank\" rel=\"noopener\"><img decoding=\"async\" data-src=\"http:\/\/d.olay53.com\/news_t\/578362.jpg\" alt=\"Rize'de \u00c7aysan i\u015f\u00e7ilerine y\u00fczde 20 zam\" src=\"https:\/\/i4.hurimg.com\/i\/hurriyet\/75\/590x332\/589da44eeb10bb1f68369410.jpg\"><\/a><a target=\"_blank\" href=\"https:\/\/www.hurriyet.com.tr\/rizede-caysan-iscilerine-yuzde-20-zam-40361683\" rel=\"noopener\"><p>Rize&#8217;de \u00c7aysan i\u015f\u00e7ilerine y\u00fczde 20 zam\n<\/p><p>R\u0130ZE\u2019de, \u00c7AYKUR\u2019un ihtiyac\u0131 kuru \u00e7ay paketlerini \u00fcreten \u00c7aysan A.\u015e.\u2019de i\u015f\u00e7ilere iki y\u0131l i\u00e7in \u00fccret ve sosyal haklar\u0131nda y\u00fczde 20 dolay\u0131nda zam yap\u0131ld\u0131.<\/p><span>10 \u015eubat 2017 Cuma 14:30<\/span><\/a><\/div>\n\n\n\n<p><\/p>\n","protected":false},"excerpt":{"rendered":"<p>\u00c7AYSAN\u2018da T\u0130S&#8217;te Mutlu Son \u00c7AYSAN\u2019da 3. D\u00f6nem toplu i\u015f s\u00f6zle\u015fmesi imzaland\u0131. 19 Mart 2019 Sal\u0131 13:39 Rize&#8217;de \u00c7aysan i\u015f\u00e7ilerine y\u00fczde 20 zam R\u0130ZE\u2019de, \u00c7AYKUR\u2019un ihtiyac\u0131 kuru \u00e7ay paketlerini \u00fcreten \u00c7aysan A.\u015e.\u2019de i\u015f\u00e7ilere iki y\u0131l i\u00e7in \u00fccret ve sosyal haklar\u0131nda y\u00fczde 20 dolay\u0131nda zam yap\u0131ld\u0131. 10 \u015eubat 2017 Cuma 14:30<\/p>\n","protected":false},"author":1,"featured_media":0,"parent":0,"menu_order":0,"comment_status":"closed","ping_status":"closed","template":"","meta":{"footnotes":""},"class_list":["post-31","page","type-page","status-publish","hentry"],"_links":{"self":[{"href":"https:\/\/caysan.com.tr\/index.php\/wp-json\/wp\/v2\/pages\/31","targetHints":{"allow":["GET"]}}],"collection":[{"href":"https:\/\/caysan.com.tr\/index.php\/wp-json\/wp\/v2\/pages"}],"about":[{"href":"https:\/\/caysan.com.tr\/index.php\/wp-json\/wp\/v2\/types\/page"}],"author":[{"embeddable":true,"href":"https:\/\/caysan.com.tr\/index.php\/wp-json\/wp\/v2\/users\/1"}],"replies":[{"embeddable":true,"href":"https:\/\/caysan.com.tr\/index.php\/wp-json\/wp\/v2\/comments?post=31"}],"version-history":[{"count":17,"href":"https:\/\/caysan.com.tr\/index.php\/wp-json\/wp\/v2\/pages\/31\/revisions"}],"predecessor-version":[{"id":338,"href":"https:\/\/caysan.com.tr\/index.php\/wp-json\/wp\/v2\/pages\/31\/revisions\/338"}],"wp:attachment":[{"href":"https:\/\/caysan.com.tr\/index.php\/wp-json\/wp\/v2\/media?parent=31"}],"curies":[{"name":"wp","href":"https:\/\/api.w.org\/{rel}","templated":true}]}}