{"id":29,"date":"2021-03-07T23:50:51","date_gmt":"2021-03-07T20:50:51","guid":{"rendered":"http:\/\/caysan.com.tr\/?page_id=29"},"modified":"2022-01-20T18:10:54","modified_gmt":"2022-01-20T15:10:54","slug":"gubre","status":"publish","type":"page","link":"https:\/\/caysan.com.tr\/index.php\/gubre\/","title":{"rendered":"Organik G\u00fcbre"},"content":{"rendered":"\n\n\n<video style=\"width:100%; height:300px\" muted=\"\" autoplay=\"\" controls=\"\"><source src=\"http:\/\/caysan.com.tr\/wp-content\/uploads\/2021\/03\/afyon.mp4\" type=\"video\/mp4\"><\/video>\n<figure style=\"text-align:center\" class=\"wp-block-image size-large\"><img loading=\"lazy\" decoding=\"async\" width=\"1774\" height=\"657\" src=\"http:\/\/caysan.com.tr\/wp-content\/uploads\/2021\/03\/4.png\" alt=\"\" class=\"wp-image-464\" style=\"object-fit: contain;\" srcset=\"https:\/\/caysan.com.tr\/wp-content\/uploads\/2021\/03\/4.png 1774w, https:\/\/caysan.com.tr\/wp-content\/uploads\/2021\/03\/4-300x111.png 300w, https:\/\/caysan.com.tr\/wp-content\/uploads\/2021\/03\/4-1024x379.png 1024w, https:\/\/caysan.com.tr\/wp-content\/uploads\/2021\/03\/4-768x284.png 768w, https:\/\/caysan.com.tr\/wp-content\/uploads\/2021\/03\/4-1536x569.png 1536w\" sizes=\"auto, (max-width: 1774px) 100vw, 1774px\" \/><\/figure><figure style=\"text-align:center\" class=\"wp-block-image size-large\"><img decoding=\"async\" src=\"http:\/\/caysan.com.tr\/wp-content\/uploads\/2021\/04\/gubre_yeni3.jpg\" alt=\"\" class=\"wp-image-462\" style=\"object-fit: contain;\"><\/figure><figure style=\"text-align:center\" class=\"wp-block-image size-large\"><img decoding=\"async\" src=\"http:\/\/caysan.com.tr\/wp-content\/uploads\/2021\/03\/neden2.jpg\" alt=\"\" class=\"wp-image-472\" style=\"object-fit: contain;\"><\/figure><figure style=\"text-align:center\" class=\"wp-block-image size-large\"><img loading=\"lazy\" decoding=\"async\" width=\"2130\" height=\"1065\" src=\"http:\/\/caysan.com.tr\/wp-content\/uploads\/2021\/03\/sebep.jpg\" alt=\"\" class=\"wp-image-474\" style=\"object-fit: contain;\" srcset=\"https:\/\/caysan.com.tr\/wp-content\/uploads\/2021\/03\/sebep.jpg 2130w, https:\/\/caysan.com.tr\/wp-content\/uploads\/2021\/03\/sebep-300x150.jpg 300w, https:\/\/caysan.com.tr\/wp-content\/uploads\/2021\/03\/sebep-1024x512.jpg 1024w, https:\/\/caysan.com.tr\/wp-content\/uploads\/2021\/03\/sebep-768x384.jpg 768w, https:\/\/caysan.com.tr\/wp-content\/uploads\/2021\/03\/sebep-1536x768.jpg 1536w, https:\/\/caysan.com.tr\/wp-content\/uploads\/2021\/03\/sebep-2048x1024.jpg 2048w, https:\/\/caysan.com.tr\/wp-content\/uploads\/2021\/03\/sebep-1920x960.jpg 1920w\" sizes=\"auto, (max-width: 2130px) 100vw, 2130px\" \/><\/figure>\n\n\n\n<table class=\"table2 stripped\" cellpadding=\"0\" cellspacing=\"0\">\n            <thead>\n<tr>\n                <td class=\"tablo_ilk_sira\">GARANT\u0130 ED\u0130LEN \u0130\u00c7ER\u0130K<\/td>\n                <td class=\"tablo_ilk_sira\">% (w\/w)<\/td>\n<\/tr>\n            <\/thead>\n            <tbody>\n              <tr>\n                <td>Organik Madde<\/td>\n                <td>50<\/td>\n              <\/tr>\n              <tr>\n                <td>Maksimum Nem<\/td>\n                <td>20<\/td>\n              <\/tr>\n              <tr>\n                <td>Toplam Humik+Fulvik Asit<\/td>\n                <td>25<\/td>\n              <\/tr>\n              <tr>\n                <td>Toplam Azot  (N)<\/td>\n                <td>7<\/td>\n              <\/tr>\n              <tr>\n                <td>Toplam Fosfor Pentaoksit (P2O5)<\/td>\n                <td>2<\/td>\n              <\/tr>\n              <tr>\n                <td>Suda \u00c7\u00f6z\u00fcn\u00fcr PotasyumOksit(K\u2082O)<\/td>\n                <td>6<\/td>\n              <\/tr>\n              <tr>\n                <td>pH<\/td>\n                <td>6-8<\/td>\n              <\/tr>\n            <\/tbody>\n          <\/table>\n<div style=\"background-color:#FFF; color:#000; text-align:center; font-weight:400; padding-top:20px; margin-bottom:20px\">\n<div class=\"wp-block-columns\">\n<div class=\"wp-block-column\" style=\"flex-basis:50%;\">\n<b>ORGAN\u0130K SERT\u0130F\u0130KASI<\/b>\n<figure style=\"text-align:center\" class=\"wp-block-image size-large is-style-default\"><img decoding=\"async\" src=\"http:\/\/caysan.com.tr\/wp-content\/uploads\/2022\/01\/Afyon-Gubre-7-2-6-Urun-Sertifikasi.jpeg\" style=\"-webkit-filter: drop-shadow(12px 12px 25px rgba(0,0,0,0.5)); -ms-filter: progid:DXImageTransform.Microsoft.Dropshadow(OffX=12, OffY=12, Color='#444'); filter: progid:DXImageTransform.Microsoft.Dropshadow(OffX=12, OffY=12, Color='#444');\" alt=\"\" width=\"264\" class=\"wp-image-584\"><\/figure>\n<\/div>\n<div class=\"wp-block-column\" style=\"flex-basis:50%\">\n<b>TESC\u0130L BELGES\u0130<\/b>\n<figure style=\"text-align:center\" class=\"wp-block-image size-large is-style-default\"><img decoding=\"async\" src=\"http:\/\/caysan.com.tr\/wp-content\/uploads\/2022\/01\/Afyon-Gubre-7-2-6_Tescil-Belgesi_20210125.jpeg\" style=\"-webkit-filter: drop-shadow(12px 12px 25px rgba(0,0,0,0.5)); -ms-filter: progid:DXImageTransform.Microsoft.Dropshadow(OffX=12, OffY=12, Color='#444'); filter: progid:DXImageTransform.Microsoft.Dropshadow(OffX=12, OffY=12, Color='#444');\" alt=\"\" width=\"264\" class=\"wp-image-583\"><\/figure>\n<\/div>\n<\/div>\n<\/div>\n\t\t  <div style=\"text-align:center; background: radial-gradient(circle, rgba(0,0,0,0.6671043417366946) 0%, rgba(0,0,0,0.2189250700280112) 47%, rgba(0,0,0,0.38139005602240894) 100%);\"><div style=\"text-align:left; width:80%; display:inline-table; padding-top:20px\"><p style=\"color:#FFF; display:inline-table\"><i class=\"fa fa-arrow-right\" style=\"color:#FFF; padding-right:4px;\" aria-hidden=\"true\"><\/i>Yap\u0131lan \u00e7al\u0131\u015fmalarda dekardan 1 ton ya\u015f \u00e7ay al\u0131m\u0131 i\u00e7in topraktan kald\u0131r\u0131lan besin elementleri 15 kg Azot, 5 kg Fosfor ve 10 kg Potasyum dur. Bakanl\u0131k taraf\u0131ndan dekara 60 kg 25-5-10 g\u00fcbresi \u00f6nerilmekte olup \u00e7ift\u00e7i ko\u015fullar\u0131nda 150 kg\/dekar kadar kullan\u0131lmaktad\u0131r. Do\u011fada azot, organik ve kimyasal olarak bulunmaktad\u0131r.<\/p><\/div>\n<figure class=\"wp-block-image size-large\"><img loading=\"lazy\" decoding=\"async\" width=\"336\" height=\"236\" src=\"http:\/\/caysan.com.tr\/wp-content\/uploads\/2021\/03\/res4.png\" alt=\"\" class=\"wp-image-235\" srcset=\"https:\/\/caysan.com.tr\/wp-content\/uploads\/2021\/03\/res4.png 336w, https:\/\/caysan.com.tr\/wp-content\/uploads\/2021\/03\/res4-300x211.png 300w\" sizes=\"auto, (max-width: 336px) 100vw, 336px\" \/><\/figure>\n<div style=\"text-align:left; width:80%; display:inline-table\"><p style=\"color:#FFF\"><i class=\"fa fa-arrow-right\" style=\"color:#FFF; padding-right:4px;\" aria-hidden=\"true\"><\/i>Organik azot kaynaklar\u0131 bitkisel ve hayvansal kaynaklar olup, toprak mikroorganizmalar\u0131n\u0131n organik azotu par\u00e7alamas\u0131yla amonya\u011fa ve amonyuma d\u00f6n\u00fc\u015ft\u00fcr\u00fcr<\/p><\/div>\n<figure class=\"wp-block-image size-large\"><img decoding=\"async\" src=\"http:\/\/caysan.com.tr\/wp-content\/uploads\/2021\/03\/res3.png\" alt=\"\" class=\"wp-image-235\"><\/figure>\n<div style=\"text-align:left; width:80%; display:inline-table\"><p style=\"color:#FFF\"><i class=\"fa fa-arrow-right\" style=\"color:#FFF; padding-right:4px;\" aria-hidden=\"true\"><\/i>Kimyasal (inorganik) azot kaynaklar\u0131 Nitrat, Nitrit ve Amonyumdur. Bitkiler amonyum ve nitrat formundaki azottan faydalan\u0131rlar. Nitrit havadaki azot gaz\u0131n\u0131 bakterilerin sabitlemesi yoluyla organik forma d\u00f6n\u00fc\u015ft\u00fcr\u00fcrler.<\/p><\/div>\n<figure class=\"wp-block-image size-large\"><img decoding=\"async\" src=\"http:\/\/caysan.com.tr\/wp-content\/uploads\/2021\/03\/res2.png\" alt=\"\" class=\"wp-image-235\"><\/figure>\n<div style=\"text-align:left; width:80%; display:inline-table\"><p style=\"color:#FFF\"><i class=\"fa fa-arrow-right\" style=\"color:#FFF; padding-right:4px;\" aria-hidden=\"true\"><\/i>\u0130lkbaharda Mart-Nisan ay\u0131nda 150-200 kg Afyon G\u00fcbre 7-2-6 organik \u00e7ay g\u00fcbresi 1000 M2 alana uygulanmas\u0131 tavsiye edilir.<\/p><\/div>\n<div style=\"text-align:left; width:80%; display:inline-table\"><p style=\"color:#FFF\"><i class=\"fa fa-arrow-right\" style=\"color:#FFF; padding-right:4px;\" aria-hidden=\"true\"><\/i>Belirlenen g\u00fcbre miktar\u0131 s\u0131ra aralar\u0131na at\u0131l\u0131r. M\u00fcmk\u00fcn ise topra\u011fa kar\u0131\u015ft\u0131r\u0131l\u0131r. \u00d6zel form\u00fclasyonu nedeniyle, di\u011fer organik azot kaynaklar\u0131ndan farkl\u0131 olarak 10 derece hava s\u0131cakl\u0131\u011f\u0131nda faydal\u0131 organizmalar taraf\u0131ndan i\u015ftahla yenir, so\u011fuk ve erken d\u00f6nemde bitkiye yaray\u0131\u015fl\u0131 olur. May\u0131s ay\u0131 hasad\u0131nda \u00c7AY verimini artt\u0131r\u0131r.<\/p><\/div>\n<figure class=\"wp-block-image size-large\"><img decoding=\"async\" src=\"http:\/\/caysan.com.tr\/wp-content\/uploads\/2021\/03\/res1.png\" alt=\"\" class=\"wp-image-235\"><\/figure><\/div><figure class=\"wp-block-image size-large\" style=\"text-align:center; margin-top:20px\"><div style=\"background:#FFF; padding:10px; text-align:center; display:inline-table;\"><img decoding=\"async\" width=\"180px\" src=\"http:\/\/caysan.com.tr\/wp-content\/uploads\/2021\/03\/mahmut_demet2.png\" alt=\"\" class=\"wp-image-486\" srcset=\"https:\/\/caysan.com.tr\/wp-content\/uploads\/2021\/03\/mahmut_demet2.png 553w, https:\/\/caysan.com.tr\/wp-content\/uploads\/2021\/03\/mahmut_demet2-258x300.png 258w\" sizes=\"(max-width: 553px) 100vw, 553px\" \/><p style=\"font-family:Roboto,'Helvetica Neue',Arial,sans-serif; font-size:21px; font-weight:400; font-stretch:normal; font-style:normal; letter-spacing:normal; color:#082562; line-height:1.29; margin-top:32px; margin-bottom:0; text-align:center\">Mahmut DEMET<\/p>\n<p style=\"font-family:Roboto,'Helvetica Neue',Arial,sans-serif; font-size:18px; font-weight:500; font-stretch:normal; font-style:normal; letter-spacing:-.2px; color:#838398; line-height:1.29; margin-top:32px; margin-bottom:0.5rem; text-align:center\">Sat\u0131n Alma ve Pazarlama M\u00fcd\u00fcr\u00fc<\/p><p style=\"font-family:Roboto,'Helvetica Neue',Arial,sans-serif; font-size:18px; font-weight:500; font-stretch:normal; font-style:normal; letter-spacing:-.2px; color:#838398; line-height:1.29; margin-top:32px; margin-bottom:0.5rem; text-align:center\"><i class=\"fa fa-phone\" style=\"color: #539d44; padding-right:4px;\"><\/i>0543 569 00 53<\/p><p style=\"font-family:Roboto,'Helvetica Neue',Arial,sans-serif; font-size:18px; font-weight:500; font-stretch:normal; font-style:normal; letter-spacing:-.2px; color:#838398; line-height:1.29; margin-top:14px; margin-bottom:0px; text-align:center\"><i class=\"fa fa-envelope\" style=\"color: #539d44; padding-right:4px;\"><\/i>mdemet@caysan.com.tr<\/p><\/div><\/figure>\n\n\n\n<p><\/p>\n","protected":false},"excerpt":{"rendered":"<p>GARANT\u0130 ED\u0130LEN \u0130\u00c7ER\u0130K % (w\/w) Organik Madde 50 Maksimum Nem 20 Toplam Humik+Fulvik Asit 25 Toplam Azot (N) 7 Toplam Fosfor Pentaoksit (P2O5) 2 Suda \u00c7\u00f6z\u00fcn\u00fcr PotasyumOksit(K\u2082O) 6 pH 6-8 ORGAN\u0130K SERT\u0130F\u0130KASI TESC\u0130L BELGES\u0130 Yap\u0131lan \u00e7al\u0131\u015fmalarda dekardan 1 ton ya\u015f \u00e7ay al\u0131m\u0131 i\u00e7in topraktan kald\u0131r\u0131lan besin elementleri 15 kg Azot, 5 kg Fosfor ve 10&hellip; <br \/> <a class=\"read-more\" href=\"https:\/\/caysan.com.tr\/index.php\/gubre\/\">Devam\u0131<\/a><\/p>\n","protected":false},"author":1,"featured_media":0,"parent":0,"menu_order":0,"comment_status":"closed","ping_status":"closed","template":"","meta":{"footnotes":""},"class_list":["post-29","page","type-page","status-publish","hentry"],"_links":{"self":[{"href":"https:\/\/caysan.com.tr\/index.php\/wp-json\/wp\/v2\/pages\/29","targetHints":{"allow":["GET"]}}],"collection":[{"href":"https:\/\/caysan.com.tr\/index.php\/wp-json\/wp\/v2\/pages"}],"about":[{"href":"https:\/\/caysan.com.tr\/index.php\/wp-json\/wp\/v2\/types\/page"}],"author":[{"embeddable":true,"href":"https:\/\/caysan.com.tr\/index.php\/wp-json\/wp\/v2\/users\/1"}],"replies":[{"embeddable":true,"href":"https:\/\/caysan.com.tr\/index.php\/wp-json\/wp\/v2\/comments?post=29"}],"version-history":[{"count":87,"href":"https:\/\/caysan.com.tr\/index.php\/wp-json\/wp\/v2\/pages\/29\/revisions"}],"predecessor-version":[{"id":970,"href":"https:\/\/caysan.com.tr\/index.php\/wp-json\/wp\/v2\/pages\/29\/revisions\/970"}],"wp:attachment":[{"href":"https:\/\/caysan.com.tr\/index.php\/wp-json\/wp\/v2\/media?parent=29"}],"curies":[{"name":"wp","href":"https:\/\/api.w.org\/{rel}","templated":true}]}}