{"id":25,"date":"2021-03-07T23:50:32","date_gmt":"2021-03-07T20:50:32","guid":{"rendered":"http:\/\/caysan.com.tr\/?page_id=25"},"modified":"2026-02-04T09:21:12","modified_gmt":"2026-02-04T06:21:12","slug":"iletisim","status":"publish","type":"page","link":"https:\/\/caysan.com.tr\/index.php\/iletisim\/","title":{"rendered":"\u0130leti\u015fim"},"content":{"rendered":"\n\n\n\n\n<div class=\"wp-block-columns is-layout-flex wp-container-core-columns-is-layout-9d6595d7 wp-block-columns-is-layout-flex\">\n<div class=\"wp-block-column is-layout-flow wp-block-column-is-layout-flow\">\n<p style=\"text-align:center\"><iframe loading=\"lazy\" src=\"https:\/\/www.google.com\/maps\/embed?pb=!1m18!1m12!1m3!1d3011.6301896627847!2d40.32942631497202!3d40.98957797930269!2m3!1f0!2f0!3f0!3m2!1i1024!2i768!4f13.1!3m3!1m2!1s0x40667f3f3715bde1%3A0x369e8c0501d305b7!2s%C3%87aysan+Do%C4%9Fu+Karadeniz+%C3%87ay+Entegre+Sanayi+A.%C5%9E!5e0!3m2!1str!2str!4v1503041050795\" width=\"100%\" height=\"450\" frameborder=\"0\" style=\"border:0\" allowfullscreen=\"\"><\/iframe><\/p>\n<\/div>\n<\/div>\n\n\n\n<div class=\"wp-block-columns is-layout-flex wp-container-core-columns-is-layout-9d6595d7 wp-block-columns-is-layout-flex\">\n<div class=\"wp-block-column is-layout-flow wp-block-column-is-layout-flow\">\n<div style=\"background:#e8e8e8; margin-top:20px; text-align:center; padding-top:20px; min-height:200px; border-radius:10px\"><div style=\"padding-left:10px;\"><i class=\"fa fa-envelope-o\" style=\"color: #539d44; font-size:40px; padding-right:4px;\"><\/i><p style=\"display:inline-table; color:#000; font-size:14px\">Sorunuz mu var?<\/p><p style=\"color:#000; font-size:25px;\">info@caysan.com.tr<\/p><\/div><\/div>\n<\/div>\n\n\n\n<div class=\"wp-block-column is-layout-flow wp-block-column-is-layout-flow\">\n<div style=\"background:#e8e8e8; text-align:center; min-height:200px; margin-top:20px; padding-top:20px; border-radius:10px\"><div style=\"padding-left:10px;\"><i class=\"fa fa-phone\" style=\"color: #539d44; font-size:40px; padding-right:4px;\"><\/i><p style=\"display:inline-table; color:#000; font-size:14px\">Bize Ula\u015f\u0131n<\/p><p style=\"color:#000; font-size:25px;\">0464 325 11 43<\/p>\n<p style=\"color:#000; font-size:25px;\"><\/p><\/div><\/div>\n<\/div>\n\n\n\n<div class=\"wp-block-column is-layout-flow wp-block-column-is-layout-flow\">\n<div style=\"background:#e8e8e8; margin-top:20px; text-align:center; min-height:200px; padding-top:20px; border-radius:10px\"><div style=\"padding-left:10px;\"><i class=\"fa fa-street-view\" style=\"color: #539d44; font-size:40px; padding-right:4px;\"><\/i><p style=\"display:inline-table; color:#000; font-size:14px\">Adres<\/p><p style=\"color:#000; font-size:25px;\">Hazar Mah.Sahil Cad.Yunus \u00d6zdemir Efendi Sok.No.2 \u0130yidere\/Rize<\/p><\/div><\/div>\n<\/div>\n<\/div>\n\n\n\n\n","protected":false},"excerpt":{"rendered":"<p>Sorunuz mu var? info@caysan.com.tr Bize Ula\u015f\u0131n 0464 325 11 43 Adres Hazar Mah.Sahil Cad.Yunus \u00d6zdemir Efendi Sok.No.2 \u0130yidere\/Rize<\/p>\n","protected":false},"author":1,"featured_media":0,"parent":0,"menu_order":0,"comment_status":"closed","ping_status":"closed","template":"","meta":{"footnotes":""},"class_list":["post-25","page","type-page","status-publish","hentry"],"_links":{"self":[{"href":"https:\/\/caysan.com.tr\/index.php\/wp-json\/wp\/v2\/pages\/25","targetHints":{"allow":["GET"]}}],"collection":[{"href":"https:\/\/caysan.com.tr\/index.php\/wp-json\/wp\/v2\/pages"}],"about":[{"href":"https:\/\/caysan.com.tr\/index.php\/wp-json\/wp\/v2\/types\/page"}],"author":[{"embeddable":true,"href":"https:\/\/caysan.com.tr\/index.php\/wp-json\/wp\/v2\/users\/1"}],"replies":[{"embeddable":true,"href":"https:\/\/caysan.com.tr\/index.php\/wp-json\/wp\/v2\/comments?post=25"}],"version-history":[{"count":62,"href":"https:\/\/caysan.com.tr\/index.php\/wp-json\/wp\/v2\/pages\/25\/revisions"}],"predecessor-version":[{"id":1111,"href":"https:\/\/caysan.com.tr\/index.php\/wp-json\/wp\/v2\/pages\/25\/revisions\/1111"}],"wp:attachment":[{"href":"https:\/\/caysan.com.tr\/index.php\/wp-json\/wp\/v2\/media?parent=25"}],"curies":[{"name":"wp","href":"https:\/\/api.w.org\/{rel}","templated":true}]}}